{"id":2149,"date":"2018-11-06T20:34:45","date_gmt":"2018-11-06T20:34:45","guid":{"rendered":"https:\/\/christienpaul.com\/story\/"},"modified":"2023-08-03T23:08:27","modified_gmt":"2023-08-04T03:08:27","slug":"histoire","status":"publish","type":"page","link":"https:\/\/christienpaul.com\/fr\/histoire\/","title":{"rendered":"Histoire"},"content":{"rendered":"\n<h1>\n\t\t<i>Il n&rsquo;est jamais trop tard &#8230;<\/i>\n\t<\/h1>\n\tNatif de Toronto, Christien se passionne d\u00e8s son plus jeune \u00e2ge pour la musique. Au conservatoire,<br \/>\nil se forme au piano, au saxophone et aux percussions. En parall\u00e8le, il s&rsquo;initie aux arts martiaux,<br \/>\npratique qui sera couronn\u00e9e plus tard par une ceinture noire en karat\u00e9 et jiu-jitsu.\n\u00c0 16 ans, il cr\u00e9e son premier groupe de musique rock professionnel. Il enregistre trois disques en<br \/>\nstudio et se produit sur la sc\u00e8ne de nombreux festivals. Christien entame dans la foul\u00e9e une odyss\u00e9e<br \/>\nde pr\u00e8s de 200 concerts au Canada et c\u00f4toie des artistes de renomm\u00e9e internationale.\nAlors que sa carri\u00e8re bat son plein, il d\u00e9cide, apr\u00e8s dix ans de vie d&rsquo;artiste, de se consacrer \u00e0 la<br \/>\ncr\u00e9ation de sites Internet et devient entrepreneur-d\u00e9veloppeur multim\u00e9dia.\n\u00c0 32 ans, il effectue une retraite spirituelle bouddhiste qui le reconnecte \u00e0 ses aspirations<br \/>\npremi\u00e8res : la musique. Ce nouveau d\u00e9part, avec le coup de pouce d&rsquo;une idylle amoureuse, l&rsquo;am\u00e8ne<br \/>\nen France o\u00f9, en quelques mois, ses projets se multiplient et sa carri\u00e8re prend de l&rsquo;ampleur. Il<br \/>\neffectue quelques tourn\u00e9es en Europe qui lui valent des interviews ou recensions dans la presse<br \/>\nmusicale alternative (The Unchained, The Indie Music Center&#8230;). Son style \u00e9volue vers une pop<br \/>\nplus douce, plus chaleureuse.\nAu plus fort de son inspiration, Christien compose la chanson \u00ab Welcome to Lyon \u00bb, class\u00e9e en<br \/>\n2017 dans le Top 10 des prestations live de la plateforme Tepakonu, vitrine fran\u00e7aise de talents<br \/>\n\u00e9mergents. Peu de temps apr\u00e8s, il rencontre lors d&rsquo;un concert \u00e0 Lyon le directeur artistique de la<br \/>\nmaison de disques ind\u00e9pendante C&rsquo;est Pas Des Mani\u00e8res. Ensemble, ils y produisent le premier<br \/>\nalbum francophone de Christien : Welcome to Lyon, dont le lancement est pr\u00e9vu au printemps 2020.\nL&rsquo;album relate, en refrains pop et m\u00e9lodies jou\u00e9es au ukul\u00e9l\u00e9, les huit \u00e9pates fortes de la relation<br \/>\namoureuse de Christien avec une Fran\u00e7aise et avec la langue de Moli\u00e8re. En 2018, son single<br \/>\n\u00ab Cuba \u00bb, autre chanson d&rsquo;amour estival au ukul\u00e9l\u00e9, est le premier \u00e0 int\u00e9grer la plateforme Spotify.<br \/>\nCette diffusion lui permet de se produire d\u00e8s l&rsquo;automne suivant sur la c\u00f4te Sud de l&rsquo;Espagne au<br \/>\nRoots Surf Festival, \u00e9v\u00e9nement international de surf d\u00e9di\u00e9 \u00e0 la conservation des oc\u00e9ans, au yoga, \u00e0<br \/>\nla musique ind\u00e9pendante et \u00ab aux bonnes vibrations \u00bb.\n\t\t<h3>\u00c9coutez l&rsquo;album<\/h3>\n\t\t<p>Voulez-vous lire les paroles et \u00e9coutez les chansons-fran\u00e7aises ?<\/p>\n\t\t\t<a href=\"https:\/\/christienpaul.com\/fr\/music\/\" target=\"_self\" rel=\"noopener\">\n\t\t\t\t\t\tJe veux bien!\n\t\t\t\t\t<\/a>\n\n","protected":false},"excerpt":{"rendered":"<p>Il n&rsquo;est jamais trop tard &#8230; Natif de Toronto, Christien se passionne d\u00e8s son plus jeune \u00e2ge pour la musique. Au conservatoire, il se forme au piano, au saxophone et aux percussions. En parall\u00e8le, il s&rsquo;initie aux arts martiaux, pratique qui sera couronn\u00e9e plus tard par une ceinture noire en karat\u00e9 et jiu-jitsu. \u00c0 16&hellip;<\/p>\n","protected":false},"author":2,"featured_media":0,"parent":0,"menu_order":0,"comment_status":"closed","ping_status":"closed","template":"","meta":{"footnotes":""},"class_list":["post-2149","page","type-page","status-publish","hentry"],"_links":{"self":[{"href":"https:\/\/christienpaul.com\/fr\/wp-json\/wp\/v2\/pages\/2149","targetHints":{"allow":["GET"]}}],"collection":[{"href":"https:\/\/christienpaul.com\/fr\/wp-json\/wp\/v2\/pages"}],"about":[{"href":"https:\/\/christienpaul.com\/fr\/wp-json\/wp\/v2\/types\/page"}],"author":[{"embeddable":true,"href":"https:\/\/christienpaul.com\/fr\/wp-json\/wp\/v2\/users\/2"}],"replies":[{"embeddable":true,"href":"https:\/\/christienpaul.com\/fr\/wp-json\/wp\/v2\/comments?post=2149"}],"version-history":[{"count":0,"href":"https:\/\/christienpaul.com\/fr\/wp-json\/wp\/v2\/pages\/2149\/revisions"}],"wp:attachment":[{"href":"https:\/\/christienpaul.com\/fr\/wp-json\/wp\/v2\/media?parent=2149"}],"curies":[{"name":"wp","href":"https:\/\/api.w.org\/{rel}","templated":true}]}}