{"id":2192,"date":"2018-11-06T20:45:18","date_gmt":"2018-11-06T20:45:18","guid":{"rendered":"https:\/\/christienpaul.com\/contact\/"},"modified":"2020-07-16T12:54:25","modified_gmt":"2020-07-16T16:54:25","slug":"contact","status":"publish","type":"page","link":"https:\/\/christienpaul.com\/fr\/contact\/","title":{"rendered":"Contact"},"content":{"rendered":"<h1>\n\t\tEnovyez-moi un message\n\t<\/h1>\n<h3>\n\t\tJe vous r\u00e9pondrai d\u00e8s que possible\n\t<\/h3>\n\t<p><a href=\"mailto:emailme@christienpaul.com\">emailme@christienpaul.com<\/a><\/p>\n\t<strong>ATTACH\u00c9 DE PRESSE &#8211; CANADA<\/strong><br \/>\n<em><br \/>\nDominique LALANDE<\/em><br \/>\nDOLA COMMUNICATION<br \/>\n+1 (418) 261 3045<br \/>\n<a href=\"mailto:dola@dolacommunications.com\">dola@dolacommunications.com<\/a>\n<p>&nbsp;<\/p>\n<strong>ATTACH\u00c9 DE PRESSE &#8211; EUROPE<\/strong><br \/>\n<em><br \/>\nLaura GINOUX<\/em><br \/>\nBELLA MUSIC AGENCY<br \/>\n+33 (0)6 40 11 95 32<br \/>\n<a href=\"mailto:lauraginoux@bellamusicagency.com\">lauraginoux@bellamusicagency.com<\/a>\n<p>&nbsp;<\/p>\n<p><strong>DIFFUSION<\/strong><\/p>\n<em>Diane LEROY<\/em><br \/>\nC&rsquo;EST PAS DES MANI\u00c8RES<br \/>\n+33 (0)6 65 27 74 60<br \/>\n<a href=\"mailto:booking@cestpasdesmanieres.org\">booking@cestpasdesmanieres.org<\/a>\n","protected":false},"excerpt":{"rendered":"<p>Enovyez-moi un message Je vous r\u00e9pondrai d\u00e8s que possible emailme@christienpaul.com ATTACH\u00c9 DE PRESSE &#8211; CANADA Dominique LALANDE DOLA COMMUNICATION +1 (418) 261 3045 dola@dolacommunications.com &nbsp; ATTACH\u00c9 DE PRESSE &#8211; EUROPE Laura GINOUX BELLA MUSIC AGENCY +33 (0)6 40 11 95 32 lauraginoux@bellamusicagency.com &nbsp; DIFFUSION Diane LEROY C&rsquo;EST PAS DES MANI\u00c8RES +33 (0)6 65 27 74&hellip;<\/p>\n","protected":false},"author":46,"featured_media":0,"parent":0,"menu_order":0,"comment_status":"closed","ping_status":"closed","template":"","meta":{"footnotes":""},"class_list":["post-2192","page","type-page","status-publish","hentry"],"_links":{"self":[{"href":"https:\/\/christienpaul.com\/fr\/wp-json\/wp\/v2\/pages\/2192","targetHints":{"allow":["GET"]}}],"collection":[{"href":"https:\/\/christienpaul.com\/fr\/wp-json\/wp\/v2\/pages"}],"about":[{"href":"https:\/\/christienpaul.com\/fr\/wp-json\/wp\/v2\/types\/page"}],"author":[{"embeddable":true,"href":"https:\/\/christienpaul.com\/fr\/wp-json\/wp\/v2\/users\/46"}],"replies":[{"embeddable":true,"href":"https:\/\/christienpaul.com\/fr\/wp-json\/wp\/v2\/comments?post=2192"}],"version-history":[{"count":0,"href":"https:\/\/christienpaul.com\/fr\/wp-json\/wp\/v2\/pages\/2192\/revisions"}],"wp:attachment":[{"href":"https:\/\/christienpaul.com\/fr\/wp-json\/wp\/v2\/media?parent=2192"}],"curies":[{"name":"wp","href":"https:\/\/api.w.org\/{rel}","templated":true}]}}