{"id":2275,"date":"2018-11-08T01:07:01","date_gmt":"2018-11-08T01:07:01","guid":{"rendered":"https:\/\/christienpaul.com\/espace-pro\/telechargements-privees\/"},"modified":"2020-10-01T14:31:11","modified_gmt":"2020-10-01T18:31:11","slug":"telechargements","status":"publish","type":"page","link":"https:\/\/christienpaul.com\/fr\/espace-pro\/telechargements\/","title":{"rendered":"T\u00e9l\u00e9chargements Priv\u00e9es"},"content":{"rendered":"\n\t\n<h3>\n\t\tT\u00e9l\u00e9chargements : Welcome to Lyon\n\t<\/h3>\n\t\t<h3>Espace Pro<\/h3>\n\t\t<p>\u00c9coutez l&rsquo;album, regardez le clip officiel et encore plus!<\/p>\n\t\t\t<a href=\"https:\/\/christienpaul.com\/fr\/espace-pro\/\" target=\"_self\" role=\"button\" rel=\"noopener noreferrer\">\n\t\t\t\t\t\tMontre Moi \u00c7a\n\t\t\t\t\t<\/a>\n","protected":false},"excerpt":{"rendered":"<p>T\u00e9l\u00e9chargements : Welcome to Lyon Espace Pro \u00c9coutez l&rsquo;album, regardez le clip officiel et encore plus! Montre Moi \u00c7a<\/p>\n","protected":false},"author":46,"featured_media":0,"parent":2256,"menu_order":0,"comment_status":"closed","ping_status":"closed","template":"tpl-no-header-footer.php","meta":{"footnotes":""},"class_list":["post-2275","page","type-page","status-publish","hentry"],"_links":{"self":[{"href":"https:\/\/christienpaul.com\/fr\/wp-json\/wp\/v2\/pages\/2275","targetHints":{"allow":["GET"]}}],"collection":[{"href":"https:\/\/christienpaul.com\/fr\/wp-json\/wp\/v2\/pages"}],"about":[{"href":"https:\/\/christienpaul.com\/fr\/wp-json\/wp\/v2\/types\/page"}],"author":[{"embeddable":true,"href":"https:\/\/christienpaul.com\/fr\/wp-json\/wp\/v2\/users\/46"}],"replies":[{"embeddable":true,"href":"https:\/\/christienpaul.com\/fr\/wp-json\/wp\/v2\/comments?post=2275"}],"version-history":[{"count":0,"href":"https:\/\/christienpaul.com\/fr\/wp-json\/wp\/v2\/pages\/2275\/revisions"}],"up":[{"embeddable":true,"href":"https:\/\/christienpaul.com\/fr\/wp-json\/wp\/v2\/pages\/2256"}],"wp:attachment":[{"href":"https:\/\/christienpaul.com\/fr\/wp-json\/wp\/v2\/media?parent=2275"}],"curies":[{"name":"wp","href":"https:\/\/api.w.org\/{rel}","templated":true}]}}