{"id":2017,"date":"2018-08-07T19:21:17","date_gmt":"2018-08-08T17:42:50","guid":{"rendered":"https:\/\/christienpaul.com\/fr\/?post_type=product&#038;p=2017"},"modified":"2018-12-22T17:17:17","modified_gmt":"2018-12-22T17:17:17","slug":"ep-after-runnymede","status":"publish","type":"product","link":"https:\/\/christienpaul.com\/fr\/produit\/ep-after-runnymede\/","title":{"rendered":"EP After Runnymede (num\u00e9rique)"},"content":{"rendered":"","protected":false},"excerpt":{"rendered":"<p>T\u00e9l\u00e9chargez le EP After Runnymede avec image de couverture et les paroles.<\/p>\n[playlist images=\"false\" artists=\"false\" ids=\"2664,2666,2668,2670,2672,2674\"]\n","protected":false},"featured_media":2598,"template":"","meta":{"wds_primary_product_brand":0,"wds_primary_product_cat":0},"product_brand":[],"product_cat":[25],"product_tag":[81],"class_list":{"0":"post-2017","1":"product","2":"type-product","3":"status-publish","4":"has-post-thumbnail","6":"product_cat-music","7":"product_tag-downloads","9":"first","10":"instock","11":"sale","12":"downloadable","13":"sold-individually","14":"shipping-taxable","15":"purchasable","16":"product-type-simple"},"_links":{"self":[{"href":"https:\/\/christienpaul.com\/fr\/wp-json\/wp\/v2\/product\/2017","targetHints":{"allow":["GET"]}}],"collection":[{"href":"https:\/\/christienpaul.com\/fr\/wp-json\/wp\/v2\/product"}],"about":[{"href":"https:\/\/christienpaul.com\/fr\/wp-json\/wp\/v2\/types\/product"}],"wp:featuredmedia":[{"embeddable":true,"href":"https:\/\/christienpaul.com\/fr\/wp-json\/wp\/v2\/media\/2598"}],"wp:attachment":[{"href":"https:\/\/christienpaul.com\/fr\/wp-json\/wp\/v2\/media?parent=2017"}],"wp:term":[{"taxonomy":"product_brand","embeddable":true,"href":"https:\/\/christienpaul.com\/fr\/wp-json\/wp\/v2\/product_brand?post=2017"},{"taxonomy":"product_cat","embeddable":true,"href":"https:\/\/christienpaul.com\/fr\/wp-json\/wp\/v2\/product_cat?post=2017"},{"taxonomy":"product_tag","embeddable":true,"href":"https:\/\/christienpaul.com\/fr\/wp-json\/wp\/v2\/product_tag?post=2017"}],"curies":[{"name":"wp","href":"https:\/\/api.w.org\/{rel}","templated":true}]}}