{"id":2100,"date":"2018-10-19T12:11:19","date_gmt":"2018-10-20T01:25:03","guid":{"rendered":"https:\/\/christienpaul.com\/fr\/?post_type=product&#038;p=2100"},"modified":"2018-12-22T16:57:14","modified_gmt":"2018-12-22T16:57:14","slug":"ep-sessions-numerique","status":"publish","type":"product","link":"https:\/\/christienpaul.com\/fr\/produit\/ep-sessions-numerique\/","title":{"rendered":"EP Sessions (num\u00e9rique)"},"content":{"rendered":"","protected":false},"excerpt":{"rendered":"<p>T\u00e9l\u00e9chargez le EP Sessions avec image de couverture et les paroles.<\/p>\n[playlist images=\"false\" artists=\"false\" ids=\"2291,2293,2295,2297\"]\n","protected":false},"featured_media":2630,"template":"","meta":{"wds_primary_product_brand":0,"wds_primary_product_cat":0},"product_brand":[],"product_cat":[25],"product_tag":[81],"class_list":{"0":"post-2100","1":"product","2":"type-product","3":"status-publish","4":"has-post-thumbnail","6":"product_cat-music","7":"product_tag-downloads","9":"first","10":"instock","11":"downloadable","12":"sold-individually","13":"shipping-taxable","14":"purchasable","15":"product-type-simple"},"_links":{"self":[{"href":"https:\/\/christienpaul.com\/fr\/wp-json\/wp\/v2\/product\/2100","targetHints":{"allow":["GET"]}}],"collection":[{"href":"https:\/\/christienpaul.com\/fr\/wp-json\/wp\/v2\/product"}],"about":[{"href":"https:\/\/christienpaul.com\/fr\/wp-json\/wp\/v2\/types\/product"}],"wp:featuredmedia":[{"embeddable":true,"href":"https:\/\/christienpaul.com\/fr\/wp-json\/wp\/v2\/media\/2630"}],"wp:attachment":[{"href":"https:\/\/christienpaul.com\/fr\/wp-json\/wp\/v2\/media?parent=2100"}],"wp:term":[{"taxonomy":"product_brand","embeddable":true,"href":"https:\/\/christienpaul.com\/fr\/wp-json\/wp\/v2\/product_brand?post=2100"},{"taxonomy":"product_cat","embeddable":true,"href":"https:\/\/christienpaul.com\/fr\/wp-json\/wp\/v2\/product_cat?post=2100"},{"taxonomy":"product_tag","embeddable":true,"href":"https:\/\/christienpaul.com\/fr\/wp-json\/wp\/v2\/product_tag?post=2100"}],"curies":[{"name":"wp","href":"https:\/\/api.w.org\/{rel}","templated":true}]}}