{"id":2101,"date":"2018-10-19T12:08:56","date_gmt":"2018-10-20T01:30:09","guid":{"rendered":"https:\/\/christienpaul.com\/fr\/?post_type=product&#038;p=2101"},"modified":"2018-12-22T17:00:56","modified_gmt":"2018-12-22T17:00:56","slug":"cuba-single-numerique","status":"publish","type":"product","link":"https:\/\/christienpaul.com\/fr\/produit\/cuba-single-numerique\/","title":{"rendered":"Cuba &#8211; Single (num\u00e9rique)"},"content":{"rendered":"","protected":false},"excerpt":{"rendered":"<p>T\u00e9l\u00e9chargez le single Cuba avec image de couverture et les paroles.<\/p>\n[audio mp3=\"https:\/\/christienpaul.com\/wp-content\/uploads\/sites\/247\/2018\/12\/cuba-sample.mp3\"][\/audio]\n","protected":false},"featured_media":2620,"template":"","meta":{"wds_primary_product_brand":0,"wds_primary_product_cat":0},"product_brand":[],"product_cat":[25],"product_tag":[81],"class_list":{"0":"post-2101","1":"product","2":"type-product","3":"status-publish","4":"has-post-thumbnail","6":"product_cat-music","7":"product_tag-downloads","9":"first","10":"instock","11":"downloadable","12":"sold-individually","13":"shipping-taxable","14":"purchasable","15":"product-type-simple"},"_links":{"self":[{"href":"https:\/\/christienpaul.com\/fr\/wp-json\/wp\/v2\/product\/2101","targetHints":{"allow":["GET"]}}],"collection":[{"href":"https:\/\/christienpaul.com\/fr\/wp-json\/wp\/v2\/product"}],"about":[{"href":"https:\/\/christienpaul.com\/fr\/wp-json\/wp\/v2\/types\/product"}],"wp:featuredmedia":[{"embeddable":true,"href":"https:\/\/christienpaul.com\/fr\/wp-json\/wp\/v2\/media\/2620"}],"wp:attachment":[{"href":"https:\/\/christienpaul.com\/fr\/wp-json\/wp\/v2\/media?parent=2101"}],"wp:term":[{"taxonomy":"product_brand","embeddable":true,"href":"https:\/\/christienpaul.com\/fr\/wp-json\/wp\/v2\/product_brand?post=2101"},{"taxonomy":"product_cat","embeddable":true,"href":"https:\/\/christienpaul.com\/fr\/wp-json\/wp\/v2\/product_cat?post=2101"},{"taxonomy":"product_tag","embeddable":true,"href":"https:\/\/christienpaul.com\/fr\/wp-json\/wp\/v2\/product_tag?post=2101"}],"curies":[{"name":"wp","href":"https:\/\/api.w.org\/{rel}","templated":true}]}}